{"id":10,"date":"2024-03-08T10:49:42","date_gmt":"2024-03-08T13:49:42","guid":{"rendered":"https:\/\/dgjujuy.com\/?page_id=10"},"modified":"2025-08-19T10:07:46","modified_gmt":"2025-08-19T13:07:46","slug":"diseno-grafico-jujuy","status":"publish","type":"page","link":"https:\/\/dgjujuy.com\/?page_id=10\/","title":{"rendered":"Dise\u00f1o Gr\u00e1fico Jujuy"},"content":{"rendered":"\t\t<div data-elementor-type=\"wp-page\" data-elementor-id=\"10\" class=\"elementor elementor-10\">\n\t\t\t\t<div class=\"elementor-element elementor-element-6bcb9a18 e-flex e-con-boxed e-con e-parent\" data-id=\"6bcb9a18\" data-element_type=\"container\" data-settings=\"{&quot;background_background&quot;:&quot;video&quot;,&quot;background_video_link&quot;:&quot;https:\\\/\\\/www.youtube.com\\\/watch?v=kUDcnkQqKdM&quot;,&quot;background_play_on_mobile&quot;:&quot;yes&quot;}\">\n\t\t\t\t\t<div class=\"e-con-inner\">\n\t\t<div class=\"elementor-background-video-container\">\n\t\t\t\t\t\t\t<div class=\"elementor-background-video-embed\"><\/div>\n\t\t\t\t\t\t<\/div><div class=\"elementor-element elementor-element-43725654 e-con-full e-flex e-con e-child\" data-id=\"43725654\" data-element_type=\"container\">\n\t\t\t\t<div class=\"elementor-element elementor-element-3a2cc57b premium-title-icon-row premium-title-color elementor-widget elementor-widget-premium-addon-title\" data-id=\"3a2cc57b\" data-element_type=\"widget\" data-widget_type=\"premium-addon-title.default\">\n\t\t\t\t<div class=\"elementor-widget-container\">\n\t\t\t\r\n\t\t<div class=\"premium-title-container style1\">\r\n\t\t\t<h4 class=\"premium-title-header premium-title-style1\">\r\n\t\t\t\t\r\n\t\t\t\t\t\t\t\t\t\t\t\t\t\t\t\t\t\t\t\t\t\t<img decoding=\"async\" class=\"premium-title-icon\" src=\"https:\/\/dgjujuy.com\/wp-content\/uploads\/2024\/03\/megaphone.png\" alt=\"megaphone.png\"><\/span>\r\n\t\t\t\t\t\t\t\t\t\t\t\t\t\t\t\r\n\t\t\t\t\t\t\t\t\t\t\t\t<span class=\"premium-title-text\" >\r\n\t\t\t\t\tDALE VIDA A TU MARCA!\t\t\t\t<\/span>\r\n\t\t\t\t\t\r\n\t\t\t\t\t\t\t\t\t\t\t<\/h4>\r\n\t\t<\/div>\r\n\r\n\t\t\t\t<\/div>\n\t\t\t\t<\/div>\n\t\t\t\t<div class=\"elementor-element elementor-element-581cf243 premium-header-block elementor-widget__width-initial elementor-widget elementor-widget-premium-addon-dual-header\" data-id=\"581cf243\" data-element_type=\"widget\" data-widget_type=\"premium-addon-dual-header.default\">\n\t\t\t\t<div class=\"elementor-widget-container\">\n\t\t\t\r\n\t\t\t\t\t<h1 class=\"premium-dual-header-first-header \"><span class=\"premium-dual-header-first-span\">Dise\u00f1o Gr\u00e1fico Jujuy <\/span><span class=\"premium-dual-header-second-header \">Social Media \/ Community Manager<\/span><\/h1> \t\t\r\n\t\t\t\t<\/div>\n\t\t\t\t<\/div>\n\t\t\t\t<div class=\"elementor-element elementor-element-7ffeac1a elementor-widget__width-initial premium-title-color elementor-widget elementor-widget-premium-addon-title\" data-id=\"7ffeac1a\" data-element_type=\"widget\" data-widget_type=\"premium-addon-title.default\">\n\t\t\t\t<div class=\"elementor-widget-container\">\n\t\t\t\r\n\t\t<div class=\"premium-title-container style1\">\r\n\t\t\t<span class=\"premium-title-header premium-title-style1\">\r\n\t\t\t\t\r\n\t\t\t\t\r\n\t\t\t\t\t\t\t\t\t\t\t\t<span class=\"premium-title-text\" >\r\n\t\t\t\t\tBRANDING | DISE\u00d1O EDITORIAL | DISE\u00d1O PUBLICITARIO | EDICI\u00d3N DE VIDEO | CREACI\u00d3N Y ESTRATEGIA DE CONTENIDO PARA REDES SOCIALES \t\t\t\t<\/span>\r\n\t\t\t\t\t\r\n\t\t\t\t\t\t\t\t\t\t\t<\/span>\r\n\t\t<\/div>\r\n\r\n\t\t\t\t<\/div>\n\t\t\t\t<\/div>\n\t\t\t\t<div class=\"elementor-element elementor-element-82cec56 elementor-widget__width-initial premium-title-color elementor-widget elementor-widget-premium-addon-title\" data-id=\"82cec56\" data-element_type=\"widget\" data-widget_type=\"premium-addon-title.default\">\n\t\t\t\t<div class=\"elementor-widget-container\">\n\t\t\t\r\n\t\t<div class=\"premium-title-container style1\">\r\n\t\t\t<span class=\"premium-title-header premium-title-style1\">\r\n\t\t\t\t\r\n\t\t\t\t\r\n\t\t\t\t\t\t\t\t\t\t\t\t<span class=\"premium-title-text\" >\r\n\t\t\t\t\t\u00a1Llevamos tus ideas al siguiente nivel! Desde logotipos impactantes hasta material promocional. Conf\u00eda en nosotros para transmitir la esencia de tu marca de manera memorable y profesional.\t\t\t\t<\/span>\r\n\t\t\t\t\t\r\n\t\t\t\t\t\t\t\t\t\t\t<\/span>\r\n\t\t<\/div>\r\n\r\n\t\t\t\t<\/div>\n\t\t\t\t<\/div>\n\t\t<div class=\"elementor-element elementor-element-5d7b3671 e-flex e-con-boxed e-con e-child\" data-id=\"5d7b3671\" data-element_type=\"container\">\n\t\t\t\t\t<div class=\"e-con-inner\">\n\t\t\t\t<div class=\"elementor-element elementor-element-3dbe33df elementor-align-center elementor-widget elementor-widget-button\" data-id=\"3dbe33df\" data-element_type=\"widget\" data-widget_type=\"button.default\">\n\t\t\t\t<div class=\"elementor-widget-container\">\n\t\t\t\t\t<div class=\"elementor-button-wrapper\">\n\t\t\t<a class=\"elementor-button elementor-button-link elementor-size-lg elementor-animation-grow\" href=\"https:\/\/Linktr.ee\/dgjujuy\">\n\t\t\t\t\t\t<span class=\"elementor-button-content-wrapper\">\n\t\t\t\t\t\t\t\t\t<span class=\"elementor-button-text\">Cont\u00e1ctanos<\/span>\n\t\t\t\t\t<\/span>\n\t\t\t\t\t<\/a>\n\t\t<\/div>\n\t\t\t\t<\/div>\n\t\t\t\t<\/div>\n\t\t\t\t\t<\/div>\n\t\t\t\t<\/div>\n\t\t\t\t<\/div>\n\t\t<div class=\"elementor-element elementor-element-27f47bf3 e-con-full e-flex e-con e-child\" data-id=\"27f47bf3\" data-element_type=\"container\">\n\t\t\t\t<div class=\"elementor-element elementor-element-78cef3d9 elementor-widget__width-initial elementor-widget elementor-widget-image\" data-id=\"78cef3d9\" data-element_type=\"widget\" data-widget_type=\"image.default\">\n\t\t\t\t<div class=\"elementor-widget-container\">\n\t\t\t<style>\/*! elementor - v3.21.0 - 30-04-2024 *\/\n.elementor-widget-image{text-align:center}.elementor-widget-image a{display:inline-block}.elementor-widget-image a img[src$=\".svg\"]{width:48px}.elementor-widget-image img{vertical-align:middle;display:inline-block}<\/style>\t\t\t\t\t\t\t\t\t\t<img fetchpriority=\"high\" decoding=\"async\" width=\"556\" height=\"556\" src=\"https:\/\/dgjujuy.com\/wp-content\/uploads\/2024\/03\/logo-dg-png.png\" class=\"attachment-large size-large wp-image-12\" alt=\"\" srcset=\"https:\/\/dgjujuy.com\/wp-content\/uploads\/2024\/03\/logo-dg-png.png 556w, https:\/\/dgjujuy.com\/wp-content\/uploads\/2024\/03\/logo-dg-png-300x300.png 300w, https:\/\/dgjujuy.com\/wp-content\/uploads\/2024\/03\/logo-dg-png-150x150.png 150w\" sizes=\"(max-width: 556px) 100vw, 556px\" \/>\t\t\t\t\t\t\t\t\t\t\t\t\t<\/div>\n\t\t\t\t<\/div>\n\t\t\t\t<\/div>\n\t\t\t\t\t<\/div>\n\t\t\t\t<\/div>\n\t\t<div class=\"elementor-element elementor-element-569d348 e-con-full e-flex e-con e-parent\" data-id=\"569d348\" data-element_type=\"container\" data-settings=\"{&quot;background_background&quot;:&quot;video&quot;,&quot;background_video_link&quot;:&quot;https:\\\/\\\/www.youtube.com\\\/watch?v=kUDcnkQqKdM&quot;,&quot;background_play_on_mobile&quot;:&quot;yes&quot;}\">\n\t\t<div class=\"elementor-background-video-container\">\n\t\t\t\t\t\t\t<div class=\"elementor-background-video-embed\"><\/div>\n\t\t\t\t\t\t<\/div>\t\t<div class=\"elementor-element elementor-element-63d29338 premium-adv-carousel__infinite premium-adv-carousel__horizontal elementor-widget elementor-widget-premium-media-wheel\" data-id=\"63d29338\" data-element_type=\"widget\" data-widget_type=\"premium-media-wheel.default\">\n\t\t\t\t<div class=\"elementor-widget-container\">\n\t\t\t\t\t<div class=\"premium-adv-carousel-no-lightbox premium-adv-carousel__container\" data-settings=\"{&quot;type&quot;:&quot;infinite&quot;,&quot;scroll&quot;:false,&quot;speed&quot;:70,&quot;pauseOnHover&quot;:true,&quot;dir&quot;:&quot;horizontal&quot;,&quot;reverse&quot;:&quot;normal&quot;,&quot;renderEvent&quot;:&quot;scroll&quot;}\">\r\n\r\n\t\t\t<div style=\"visibility:hidden;\" class=\"premium-adv-carousel__inner-container\">\r\n\r\n\t\t\t\t<div class=\"premium-adv-carousel__items\">\r\n\r\n\t\t\t\t\t\t\t\t<div class=\"premium-adv-carousel__item-outer-wrapper\">\r\n\t\t\t\t<div class=\"elementor-repeater-item-7a2fd9e premium-adv-carousel__item premium-adv-carousel__item-image\">\r\n\t\t\t\t\t<div class=\"premium-adv-carousel__media-wrap\">\r\n\t\t\t\t\t\t\t\t\t\t\t\t\t\t<img decoding=\"async\" src=\"https:\/\/dgjujuy.com\/wp-content\/uploads\/2024\/03\/4-1.jpg\" alt=\"4\" class=\"premium-adv-carousel__item-img \">\r\n\t\t\t\t\t\t\t\t\t\t\t\t<\/div>\r\n\r\n\t\t\t\t\t\r\n\t\t\t\t\t\t\t\t\t<\/div>\r\n\t\t\t<\/div>\r\n\t\t\t\t\t\t<div class=\"premium-adv-carousel__item-outer-wrapper\">\r\n\t\t\t\t<div class=\"elementor-repeater-item-f2ee7d7 premium-adv-carousel__item premium-adv-carousel__item-image\">\r\n\t\t\t\t\t<div class=\"premium-adv-carousel__media-wrap\">\r\n\t\t\t\t\t\t\t\t\t\t\t\t\t\t<img decoding=\"async\" src=\"https:\/\/dgjujuy.com\/wp-content\/uploads\/2024\/03\/1-1.jpg\" alt=\"1\" class=\"premium-adv-carousel__item-img \">\r\n\t\t\t\t\t\t\t\t\t\t\t\t<\/div>\r\n\r\n\t\t\t\t\t\r\n\t\t\t\t\t\t\t\t\t<\/div>\r\n\t\t\t<\/div>\r\n\t\t\t\t\t\t<div class=\"premium-adv-carousel__item-outer-wrapper\">\r\n\t\t\t\t<div class=\"elementor-repeater-item-6f45cf7 premium-adv-carousel__item premium-adv-carousel__item-image\">\r\n\t\t\t\t\t<div class=\"premium-adv-carousel__media-wrap\">\r\n\t\t\t\t\t\t\t\t\t\t\t\t\t\t<img decoding=\"async\" src=\"https:\/\/dgjujuy.com\/wp-content\/uploads\/2024\/03\/3-1.jpg\" alt=\"3\" class=\"premium-adv-carousel__item-img \">\r\n\t\t\t\t\t\t\t\t\t\t\t\t<\/div>\r\n\r\n\t\t\t\t\t\r\n\t\t\t\t\t\t\t\t\t<\/div>\r\n\t\t\t<\/div>\r\n\t\t\t\t\t\t<div class=\"premium-adv-carousel__item-outer-wrapper\">\r\n\t\t\t\t<div class=\"elementor-repeater-item-5e52412 premium-adv-carousel__item premium-adv-carousel__item-image\">\r\n\t\t\t\t\t<div class=\"premium-adv-carousel__media-wrap\">\r\n\t\t\t\t\t\t\t\t\t\t\t\t\t\t<img decoding=\"async\" src=\"https:\/\/dgjujuy.com\/wp-content\/uploads\/2024\/03\/2-1.jpg\" alt=\"2\" class=\"premium-adv-carousel__item-img \">\r\n\t\t\t\t\t\t\t\t\t\t\t\t<\/div>\r\n\r\n\t\t\t\t\t\r\n\t\t\t\t\t\t\t\t\t<\/div>\r\n\t\t\t<\/div>\r\n\t\t\t\t\t\t<div class=\"premium-adv-carousel__item-outer-wrapper\">\r\n\t\t\t\t<div class=\"elementor-repeater-item-64d83a9 premium-adv-carousel__item premium-adv-carousel__item-image\">\r\n\t\t\t\t\t<div class=\"premium-adv-carousel__media-wrap\">\r\n\t\t\t\t\t\t\t\t\t\t\t\t\t\t<img decoding=\"async\" src=\"https:\/\/dgjujuy.com\/wp-content\/uploads\/2024\/03\/5-1.jpg\" alt=\"5\" class=\"premium-adv-carousel__item-img \">\r\n\t\t\t\t\t\t\t\t\t\t\t\t<\/div>\r\n\r\n\t\t\t\t\t\r\n\t\t\t\t\t\t\t\t\t<\/div>\r\n\t\t\t<\/div>\r\n\t\t\t\t\t\t\t<\/div>\r\n\t\t\t<\/div>\r\n\t\t<\/div>\r\n\t\t\t\t<\/div>\n\t\t\t\t<\/div>\n\t\t\t\t<\/div>\n\t\t\t\t<\/div>\n\t\t","protected":false},"excerpt":{"rendered":"<p>DALE VIDA A TU MARCA! Dise\u00f1o Gr\u00e1fico Jujuy Social Media \/ Community Manager BRANDING | DISE\u00d1O EDITORIAL | DISE\u00d1O PUBLICITARIO | EDICI\u00d3N DE VIDEO | CREACI\u00d3N Y ESTRATEGIA DE CONTENIDO PARA REDES SOCIALES \u00a1Llevamos tus ideas al siguiente nivel! Desde logotipos impactantes hasta material promocional. Conf\u00eda en nosotros para transmitir la esencia de tu marca [&hellip;]<\/p>\n","protected":false},"author":1,"featured_media":13,"parent":0,"menu_order":0,"comment_status":"open","ping_status":"closed","template":"elementor_canvas","meta":{"footnotes":""},"_links":{"self":[{"href":"https:\/\/dgjujuy.com\/?page_id=10%2Findex.php&rest_route=\/wp\/v2\/pages\/10"}],"collection":[{"href":"https:\/\/dgjujuy.com\/?page_id=10%2Findex.php&rest_route=\/wp\/v2\/pages"}],"about":[{"href":"https:\/\/dgjujuy.com\/?page_id=10%2Findex.php&rest_route=\/wp\/v2\/types\/page"}],"author":[{"embeddable":true,"href":"https:\/\/dgjujuy.com\/?page_id=10%2Findex.php&rest_route=\/wp\/v2\/users\/1"}],"replies":[{"embeddable":true,"href":"https:\/\/dgjujuy.com\/?page_id=10%2Findex.php&rest_route=%2Fwp%2Fv2%2Fcomments&post=10"}],"version-history":[{"count":161,"href":"https:\/\/dgjujuy.com\/?page_id=10%2Findex.php&rest_route=\/wp\/v2\/pages\/10\/revisions"}],"predecessor-version":[{"id":250,"href":"https:\/\/dgjujuy.com\/?page_id=10%2Findex.php&rest_route=\/wp\/v2\/pages\/10\/revisions\/250"}],"wp:featuredmedia":[{"embeddable":true,"href":"https:\/\/dgjujuy.com\/?page_id=10%2Findex.php&rest_route=\/wp\/v2\/media\/13"}],"wp:attachment":[{"href":"https:\/\/dgjujuy.com\/?page_id=10%2Findex.php&rest_route=%2Fwp%2Fv2%2Fmedia&parent=10"}],"curies":[{"name":"wp","href":"https:\/\/api.w.org\/{rel}","templated":true}]}}